{"id":11,"date":"2019-12-23T13:58:02","date_gmt":"2019-12-23T05:58:02","guid":{"rendered":"https:\/\/www.okura-health.com\/?post_type=product&#038;p=11"},"modified":"2026-02-04T11:26:58","modified_gmt":"2026-02-04T03:26:58","slug":"tea01","status":"publish","type":"product","link":"https:\/\/www.okura-health.com\/vi\/product\/tea01\/","title":{"rendered":"\u300eOKURA \u300f &#8211; Tr\u00e0 \u0110\u1ed7 Tr\u1ecdng 88 phi\u00ean"},"content":{"rendered":"<p>T\u00ean s\u1ea3n ph\u1ea9m: <strong>OKURA Tr\u00e0 \u0110\u1ed7 Tr\u1ecdng 88 phi\u00ean<\/strong><\/p>\n<p>Th\u00e0nh ph\u1ea7n: Tr\u00e0 \u0110\u1ed7 Tr\u1ecdng, tr\u00e0 xanh<\/p>\n<p>N\u01a1i s\u1ea3n xu\u1ea5t: \u0110\u00e0i Loan<\/p>\n<p>Kh\u1ed1i l\u01b0\u1ee3ng t\u1ecbnh: 2g * 30 g\u00f3i<\/p>\n<p>H\u1ea1n s\u1eed d\u1ee5ng: 2 n\u0103m<\/p>\n<p>H\u1ee3p ch\u1ea5t th\u00eam v\u00e0o: Kh\u00f4ng<\/p>\n<p>Nh\u00e0 s\u1ea3n xu\u1ea5t: C\u00f4ng ty TNHH Ho\u00e1 sinh Jetton<\/p>\n<p>\u0110i\u1ec7n tho\u1ea1i: 0800-779966<\/p>\n<p>\u0110\u1ecba ch\u1ec9: s\u1ed1 17, \u0111\u01b0\u1eddng Gongye 11, khu v\u1ef1c Xitun, th\u00e0nh ph\u1ed1 \u0110\u00e0i Trung, \u0110\u00e0i Loan<\/p>\n<!-- AddThis Advanced Settings generic via filter on the_content --><!-- AddThis Share Buttons generic via filter on the_content -->","protected":false},"excerpt":{"rendered":"<p>T\u00ean s\u1ea3n ph\u1ea9m: OKURA Tr\u00e0 \u0110\u1ed7 Tr\u1ecdng 88 phi\u00ean Th\u00e0nh ph\u1ea7n: Tr\u00e0 \u0110\u1ed7 Tr\u1ecdng, tr\u00e0 xanh N\u01a1i s\u1ea3n xu\u1ea5t: \u0110\u00e0i Loan Kh\u1ed1i l\u01b0\u1ee3ng t\u1ecbnh: 2g * 30 g\u00f3i H\u1ea1n s\u1eed d\u1ee5ng: 2 n\u0103m H\u1ee3p ch\u1ea5t th\u00eam v\u00e0o: Kh\u00f4ng Nh\u00e0 s\u1ea3n xu\u1ea5t: C\u00f4ng ty TNHH Ho\u00e1 sinh Jetton \u0110i\u1ec7n tho\u1ea1i: 0800-779966 \u0110\u1ecba ch\u1ec9: s\u1ed1 17, \u0111\u01b0\u1eddng [&hellip;]<!-- AddThis Advanced Settings generic via filter on get_the_excerpt --><!-- AddThis Share Buttons generic via filter on get_the_excerpt --><\/p>\n","protected":false},"featured_media":16,"comment_status":"open","ping_status":"closed","template":"","meta":{"_exactmetrics_skip_tracking":false,"_exactmetrics_sitenote_active":false,"_exactmetrics_sitenote_note":"","_exactmetrics_sitenote_category":0,"_monsterinsights_skip_tracking":false,"_monsterinsights_sitenote_active":false,"_monsterinsights_sitenote_note":"","_monsterinsights_sitenote_category":0},"product_brand":[],"product_cat":[16],"product_tag":[],"class_list":{"0":"post-11","1":"product","2":"type-product","3":"status-publish","4":"has-post-thumbnail","6":"product_cat-tea","8":"first","9":"instock","10":"taxable","11":"shipping-taxable","12":"product-type-simple"},"_links":{"self":[{"href":"https:\/\/www.okura-health.com\/vi\/wp-json\/wp\/v2\/product\/11","targetHints":{"allow":["GET"]}}],"collection":[{"href":"https:\/\/www.okura-health.com\/vi\/wp-json\/wp\/v2\/product"}],"about":[{"href":"https:\/\/www.okura-health.com\/vi\/wp-json\/wp\/v2\/types\/product"}],"replies":[{"embeddable":true,"href":"https:\/\/www.okura-health.com\/vi\/wp-json\/wp\/v2\/comments?post=11"}],"wp:featuredmedia":[{"embeddable":true,"href":"https:\/\/www.okura-health.com\/vi\/wp-json\/wp\/v2\/media\/16"}],"wp:attachment":[{"href":"https:\/\/www.okura-health.com\/vi\/wp-json\/wp\/v2\/media?parent=11"}],"wp:term":[{"taxonomy":"product_brand","embeddable":true,"href":"https:\/\/www.okura-health.com\/vi\/wp-json\/wp\/v2\/product_brand?post=11"},{"taxonomy":"product_cat","embeddable":true,"href":"https:\/\/www.okura-health.com\/vi\/wp-json\/wp\/v2\/product_cat?post=11"},{"taxonomy":"product_tag","embeddable":true,"href":"https:\/\/www.okura-health.com\/vi\/wp-json\/wp\/v2\/product_tag?post=11"}],"curies":[{"name":"wp","href":"https:\/\/api.w.org\/{rel}","templated":true}]}}