{"id":141,"date":"2019-12-23T14:18:23","date_gmt":"2019-12-23T06:18:23","guid":{"rendered":"https:\/\/www.okura-health.com\/?post_type=product&#038;p=141"},"modified":"2026-02-04T15:22:22","modified_gmt":"2026-02-04T07:22:22","slug":"tea03","status":"publish","type":"product","link":"https:\/\/www.okura-health.com\/vi\/product\/tea03\/","title":{"rendered":"\u300e OKURA \u300f &#8211; Tr\u00e0 \u0110\u1ed7 tr\u1ecdng + Toan t\u00e1o nh\u00e2n"},"content":{"rendered":"<p>T\u00ean s\u1ea3n ph\u1ea9m: <strong>OKURA Tr\u00e0 \u0110\u1ed7 tr\u1ecdng + Toan t\u00e1o nh\u00e2n<\/strong><\/p>\n<p>Th\u00e0nh ph\u1ea7n: Tr\u00e0 \u0111\u1ed7 tr\u1ecdng, h\u1ed3ng tr\u00e0 Assam, chi\u1ebft xu\u1ea5t t\u1eeb toan t\u00e1o nh\u00e2n<\/p>\n<p>Kh\u1ed1i l\u01b0\u1ee3ng t\u1ecbnh: 2g x 25 g\u00f3i<\/p>\n<p>H\u1ea1n s\u1eed d\u1ee5ng: 2 n\u0103m<\/p>\n<p>N\u01a1i s\u1ea3n xu\u1ea5t: \u0110\u00e0i Loan<\/p>\n<p>Nh\u00e0 s\u1ea3n xu\u1ea5t: C\u00f4ng ty TNHH Ho\u00e1 sinh Jetton<\/p>\n<p>\u0110i\u1ec7n tho\u1ea1i: 0800-779966<\/p>\n<p>\u0110\u1ecba ch\u1ec9: s\u1ed1 17, \u0111\u01b0\u1eddng Gongye 11, khu v\u1ef1c Xitun, th\u00e0nh ph\u1ed1 \u0110\u00e0i Trung, \u0110\u00e0i Loan<\/p>\n<!-- AddThis Advanced Settings generic via filter on the_content --><!-- AddThis Share Buttons generic via filter on the_content -->","protected":false},"excerpt":{"rendered":"<p>T\u00ean s\u1ea3n ph\u1ea9m: OKURA Tr\u00e0 \u0110\u1ed7 tr\u1ecdng + Toan t\u00e1o nh\u00e2n Th\u00e0nh ph\u1ea7n: Tr\u00e0 \u0111\u1ed7 tr\u1ecdng, h\u1ed3ng tr\u00e0 Assam, chi\u1ebft xu\u1ea5t t\u1eeb toan t\u00e1o nh\u00e2n Kh\u1ed1i l\u01b0\u1ee3ng t\u1ecbnh: 2g x 25 g\u00f3i H\u1ea1n s\u1eed d\u1ee5ng: 2 n\u0103m N\u01a1i s\u1ea3n xu\u1ea5t: \u0110\u00e0i Loan Nh\u00e0 s\u1ea3n xu\u1ea5t: C\u00f4ng ty TNHH Ho\u00e1 sinh Jetton \u0110i\u1ec7n tho\u1ea1i: 0800-779966 \u0110\u1ecba [&hellip;]<!-- AddThis Advanced Settings generic via filter on get_the_excerpt --><!-- AddThis Share Buttons generic via filter on get_the_excerpt --><\/p>\n","protected":false},"featured_media":70,"comment_status":"open","ping_status":"closed","template":"","meta":{"_exactmetrics_skip_tracking":false,"_exactmetrics_sitenote_active":false,"_exactmetrics_sitenote_note":"","_exactmetrics_sitenote_category":0,"_monsterinsights_skip_tracking":false,"_monsterinsights_sitenote_active":false,"_monsterinsights_sitenote_note":"","_monsterinsights_sitenote_category":0},"product_brand":[],"product_cat":[16],"product_tag":[],"class_list":{"0":"post-141","1":"product","2":"type-product","3":"status-publish","4":"has-post-thumbnail","6":"product_cat-tea","8":"first","9":"instock","10":"taxable","11":"shipping-taxable","12":"product-type-simple"},"_links":{"self":[{"href":"https:\/\/www.okura-health.com\/vi\/wp-json\/wp\/v2\/product\/141","targetHints":{"allow":["GET"]}}],"collection":[{"href":"https:\/\/www.okura-health.com\/vi\/wp-json\/wp\/v2\/product"}],"about":[{"href":"https:\/\/www.okura-health.com\/vi\/wp-json\/wp\/v2\/types\/product"}],"replies":[{"embeddable":true,"href":"https:\/\/www.okura-health.com\/vi\/wp-json\/wp\/v2\/comments?post=141"}],"wp:featuredmedia":[{"embeddable":true,"href":"https:\/\/www.okura-health.com\/vi\/wp-json\/wp\/v2\/media\/70"}],"wp:attachment":[{"href":"https:\/\/www.okura-health.com\/vi\/wp-json\/wp\/v2\/media?parent=141"}],"wp:term":[{"taxonomy":"product_brand","embeddable":true,"href":"https:\/\/www.okura-health.com\/vi\/wp-json\/wp\/v2\/product_brand?post=141"},{"taxonomy":"product_cat","embeddable":true,"href":"https:\/\/www.okura-health.com\/vi\/wp-json\/wp\/v2\/product_cat?post=141"},{"taxonomy":"product_tag","embeddable":true,"href":"https:\/\/www.okura-health.com\/vi\/wp-json\/wp\/v2\/product_tag?post=141"}],"curies":[{"name":"wp","href":"https:\/\/api.w.org\/{rel}","templated":true}]}}