{"id":152,"date":"2019-12-23T14:52:39","date_gmt":"2019-12-23T06:52:39","guid":{"rendered":"https:\/\/www.okura-health.com\/?post_type=product&#038;p=152"},"modified":"2026-01-23T13:42:40","modified_gmt":"2026-01-23T05:42:40","slug":"ba03","status":"publish","type":"product","link":"https:\/\/www.okura-health.com\/vi\/product\/ba03\/","title":{"rendered":"\u300eOKURA \u300f &#8211; Tryptophan \u0111\u01a1n v\u1ecb cao + toan t\u00e1o nh\u00e2n (Bao b\u00ec m\u1edbi)"},"content":{"rendered":"<p>T\u00ean s\u1ea3n ph\u1ea9m: OKURA Tryptophan + Toan t\u00e1o nh\u00e2n bao b\u00ec m\u1edbi ( 30+10 vi\u00ean\/h\u1ed9p)<br \/>\nQuy c\u00e1ch s\u1ea3n ph\u1ea9m\uff1a602mg X 40 vi\u00ean\/h\u1ed9p<br \/>\nTh\u00e0nh ph\u1ea7n: Chi\u1ebft xu\u1ea5t toan t\u00e1o nh\u00e2n, tryptophan, chi\u1ebft xu\u1ea5t hoa c\u00fac, vitamin B12, vitamin B6.<br \/>\nPh\u1ee5 gia th\u1ef1c ph\u1ea9m: Vitamin B12, vitamin B6, sodium lauryl sulfate, titanium dioxide, m\u00e0u th\u1ef1c ph\u1ea9m (m\u00e0u xanh s\u1ed1 1), glycerin.<br \/>\nTh\u1eddi gian b\u1ea3o qu\u1ea3n: 2 n\u0103m<br \/>\nH\u1ea1n s\u1eed d\u1ee5ng: In tr\u00ean bao b\u00ec.<br \/>\nN\u01a1i s\u1ea3n xu\u1ea5t: \u0110\u00e0i Loan<br \/>\nNh\u00e0 s\u1ea3n xu\u1ea5t: Jetton Biochemistry Co., Ltd<br \/>\n\u0110i\u1ec7n tho\u1ea1i: 0800-779966<br \/>\n\u0110\u1ecba ch\u1ec9: No.17, Gongyequ 11th Rd., Xitun Dist., Taichung City 407, Taiwan (R.O.C.).<br \/>\nS\u1ed1 \u0111\u0103ng k\u00fd doanh nghi\u1ec7p s\u1ea3n xu\u1ea5t th\u1ef1c ph\u1ea9m\uff1aB-112698729-00003-6<br \/>\nS\u1ed1 b\u1ea3o hi\u1ec3m tr\u00e1ch nhi\u1ec7m s\u1ea3n ph\u1ea9m\uff1a1516-08PD03884<br \/>\nC\u00e1ch s\u1eed d\u1ee5ng: Khuy\u00ean d\u00f9ng sau b\u1eefa \u0103n.<br \/>\n\u25ce Th\u00f4ng th\u01b0\u1eddng ch\u1ec9 c\u1ea7n u\u1ed1ng 1 vi\u00ean m\u1ed7i ng\u00e0y.<br \/>\n\u25ce C\u1ea7n t\u0103ng t\u01b0\u1eddng hi\u1ec7u qu\u1ea3 c\u00f3 th\u1ec3 u\u1ed1ng 2 vi\u00ean m\u1ed7i ng\u00e0y.<br \/>\n\u25ce Ng\u01b0\u1eddi c\u00f3 nhu c\u1ea7u b\u1ed5 sung l\u1edbn, c\u00f3 th\u1ec3 u\u1ed1ng 3 vi\u00ean m\u1ed7i ng\u00e0y.<br \/>\nL\u01b0u \u00fd:<br \/>\n\u25ce Kh\u00f4ng u\u1ed1ng qu\u00e1 3 vi\u00ean m\u1ed7i ng\u00e0y, u\u1ed1ng qu\u00e1 li\u1ec1u kh\u00f4ng c\u00f3 t\u00e1c d\u1ee5ng.<br \/>\n\u25ce S\u1ea3n ph\u1ea9m kh\u00f4ng ph\u1ea3i l\u00e0 thu\u1ed1c, ch\u1ec9 c\u00f3 t\u00e1c d\u1ee5ng b\u1ed5 sung dinh d\u01b0\u1ee1ng b\u1ea3o v\u1ec7 s\u1ee9c kh\u1ecfe, ng\u01b0\u1eddi m\u1eafc b\u1ec7nh c\u1ea7n ph\u1ea3i kh\u00e1m b\u00e1c s\u0129 \u0111\u1ec3 ch\u1eefa tr\u1ecb.<br \/>\n\u25ce Xin vui l\u00f2ng s\u1eed d\u1ee5ng s\u1ea3n ph\u1ea9m theo l\u01b0\u1ee3ng d\u00f9ng \u0111\u01b0\u1ee3c khuy\u1ebfn kh\u00edch, n\u1ebfu c\u01a1 th\u1ec3 c\u1ea3m th\u1ea5y kh\u00f4ng kh\u1ecfe sau khi u\u1ed1ng, xin vui l\u00f2ng ng\u1eebng s\u1eed d\u1ee5ng v\u00e0 g\u1eb7p b\u00e1c s\u0129 \u0111\u1ec3 \u0111\u01b0\u1ee3c ch\u1ea9n \u0111o\u00e1n.<br \/>\n\u25ce Tr\u00e1nh xa t\u1ea7m tay tr\u1ebb em.<br \/>\nC\u00e1ch b\u1ea3o qu\u1ea3n: Tr\u00e1nh \u0111\u1eb7t t\u1ea1i n\u01a1i c\u00f3 nhi\u1ec7t \u0111\u1ed9 cao ho\u1eb7c \u00e1nh s\u00e1ng m\u1eb7t tr\u1eddi chi\u1ebfu tr\u1ef1c ti\u1ebfp, vui l\u00f2ng s\u1eed d\u1ee5ng nhanh sau khi m\u1edf.<br \/>\nGhi ch\u00fa: Kh\u00f4ng cung c\u1ea5p d\u00f9ng th\u1eed.<br \/>\n\u0110\u1ed1i t\u01b0\u1ee3ng s\u1eed d\u1ee5ng: Ng\u01b0\u1eddi c\u00f3 \u00e1p l\u1ef1c l\u1edbn, kh\u00f3 ng\u1ee7, ng\u01b0\u1eddi c\u1ea7n b\u1ed3i b\u1ed5 ch\u0103m s\u00f3c c\u01a1 th\u1ec3.<\/p>\n<!-- AddThis Advanced Settings generic via filter on the_content --><!-- AddThis Share Buttons generic via filter on the_content -->","protected":false},"excerpt":{"rendered":"<p>\u2605 Tryptophan h\u1ed7 tr\u1ee3 gi\u1ea5c ng\u1ee7 ngon<br \/>\n\u2605 Toan t\u00e1o nh\u00e2n t\u1ef1 nhi\u00ean gi\u00fap b\u1ea1n th\u01b0 gi\u00e3n<br \/>\n\u2605D\u00e0nh cho ng\u01b0\u1eddi c\u00f3 \u00e1p l\u1ef1c l\u1edbn hay m\u1ea5t ng\u1ee7 <!-- AddThis Advanced Settings generic via filter on get_the_excerpt --><!-- AddThis Share Buttons generic via filter on get_the_excerpt --><\/p>\n","protected":false},"featured_media":507,"comment_status":"open","ping_status":"closed","template":"","meta":{"_exactmetrics_skip_tracking":false,"_exactmetrics_sitenote_active":false,"_exactmetrics_sitenote_note":"","_exactmetrics_sitenote_category":0,"_monsterinsights_skip_tracking":false,"_monsterinsights_sitenote_active":false,"_monsterinsights_sitenote_note":"","_monsterinsights_sitenote_category":0},"product_brand":[],"product_cat":[17],"product_tag":[],"class_list":{"0":"post-152","1":"product","2":"type-product","3":"status-publish","4":"has-post-thumbnail","6":"product_cat-ba","8":"first","9":"instock","10":"taxable","11":"shipping-taxable","12":"product-type-simple"},"_links":{"self":[{"href":"https:\/\/www.okura-health.com\/vi\/wp-json\/wp\/v2\/product\/152","targetHints":{"allow":["GET"]}}],"collection":[{"href":"https:\/\/www.okura-health.com\/vi\/wp-json\/wp\/v2\/product"}],"about":[{"href":"https:\/\/www.okura-health.com\/vi\/wp-json\/wp\/v2\/types\/product"}],"replies":[{"embeddable":true,"href":"https:\/\/www.okura-health.com\/vi\/wp-json\/wp\/v2\/comments?post=152"}],"wp:featuredmedia":[{"embeddable":true,"href":"https:\/\/www.okura-health.com\/vi\/wp-json\/wp\/v2\/media\/507"}],"wp:attachment":[{"href":"https:\/\/www.okura-health.com\/vi\/wp-json\/wp\/v2\/media?parent=152"}],"wp:term":[{"taxonomy":"product_brand","embeddable":true,"href":"https:\/\/www.okura-health.com\/vi\/wp-json\/wp\/v2\/product_brand?post=152"},{"taxonomy":"product_cat","embeddable":true,"href":"https:\/\/www.okura-health.com\/vi\/wp-json\/wp\/v2\/product_cat?post=152"},{"taxonomy":"product_tag","embeddable":true,"href":"https:\/\/www.okura-health.com\/vi\/wp-json\/wp\/v2\/product_tag?post=152"}],"curies":[{"name":"wp","href":"https:\/\/api.w.org\/{rel}","templated":true}]}}