{"id":156,"date":"2019-12-23T16:09:34","date_gmt":"2019-12-23T08:09:34","guid":{"rendered":"https:\/\/www.okura-health.com\/?post_type=product&#038;p=156"},"modified":"2026-01-23T13:41:51","modified_gmt":"2026-01-23T05:41:51","slug":"ba07","status":"publish","type":"product","link":"https:\/\/www.okura-health.com\/vi\/product\/ba07\/","title":{"rendered":"\u3010OKURA\u3011Lutein t\u1eeb chi\u1ebft xu\u1ea5t C\u00fac v\u1ea1n th\u1ecd + Anthocyanin(Bao b\u00ec m\u1edbi)"},"content":{"rendered":"<p>T\u00ean s\u1ea3n ph\u1ea9m: OKURA Lutein t\u1eeb chi\u1ebft xu\u1ea5t C\u00fac v\u1ea1n th\u1ecd + Anthocyanin bao b\u00ec m\u1edbi ( 30 + 10 vi\u00ean\/h\u1ed9p)<br \/>\nQuy c\u00e1ch: 602mg*40vi\u00ean\/h\u1ed9p<br \/>\nTh\u00e0nh ph\u1ea7n: chi\u1ebft xu\u1ea5t t\u1eeb h\u1ea1t nho (ch\u1ee9a Proanthocyanidins), tricalcium phosphate, chi\u1ebft xu\u1ea5t t\u1eeb c\u00fac v\u1ea1n th\u1ecd, hay c\u00f2n g\u1ecdi l\u00e0 kim ch\u1ea9n th\u1ea3o (ch\u1ee9a lutein), vitamin (C, E, A), chi\u1ebft xu\u1ea5t t\u1eeb qu\u1ea3 nham l\u00ea (ch\u1ee9a anthocyanin), silicon dioxide.<br \/>\nPh\u1ee5 gia th\u1ef1c ph\u1ea9m: Tricalcium phosphate, vitamin (C, E, A), silicon dioxide, sodium lauryl sulfate, titanium dioxide, glycerin, m\u00e0u th\u1ef1c ph\u1ea9m (m\u00e0u v\u00e0ng s\u1ed1 4, m\u00e0u \u0111\u1ecf s\u1ed1 7 v\u00e0 m\u00e0u xanh s\u1ed1 1).<br \/>\nTh\u1eddi h\u1ea1n b\u1ea3o qu\u1ea3n: 2 n\u0103m.<br \/>\nH\u1ea1n s\u1eed d\u1ee5ng: In tr\u00ean bao b\u00ec.<br \/>\nN\u01a1i s\u1ea3n xu\u1ea5t: \u0110\u00e0i Loan.<br \/>\nNh\u00e0 s\u1ea3n xu\u1ea5t: Jetton Biochemistry Co., Ltd<br \/>\n\u0110i\u1ec7n tho\u1ea1i: 0800-779966<br \/>\n\u0110\u1ecba ch\u1ec9: No.17, Gongyequ 11th Rd., Xitun Dist., Taichung City 407, Taiwan (R.O.C.).<br \/>\nS\u1ed1 \u0111\u0103ng k\u00fd doanh nghi\u1ec7p s\u1ea3n xu\u1ea5t th\u1ef1c ph\u1ea9m\uff1aB-112698729-00003-6<br \/>\nS\u1ed1 b\u1ea3o hi\u1ec3m tr\u00e1ch nhi\u1ec7m s\u1ea3n ph\u1ea9m\uff1a1516-08PD03884<br \/>\nH\u01b0\u1edbng d\u1eabn s\u1eed d\u1ee5ng: U\u1ed1ng m\u1ed7i ng\u00e0y 1 vi\u00ean sau b\u1eefa \u0103n, u\u1ed1ng qu\u00e1 li\u1ec1u kh\u00f4ng c\u00f3 t\u00e1c d\u1ee5ng.<br \/>\nL\u01b0u \u00fd:<br \/>\n\u25ce S\u1ea3n ph\u1ea9m kh\u00f4ng ph\u1ea3i l\u00e0 thu\u1ed1c, ch\u1ec9 c\u00f3 t\u00e1c d\u1ee5ng b\u1ed5 sung dinh d\u01b0\u1ee1ng b\u1ea3o v\u1ec7 s\u1ee9c kh\u1ecfe, ng\u01b0\u1eddi m\u1eafc b\u1ec7nh c\u1ea7n ph\u1ea3i kh\u00e1m b\u00e1c s\u0129 \u0111\u1ec3 ch\u1eefa tr\u1ecb.<br \/>\n\u25ce Xin vui l\u00f2ng s\u1eed d\u1ee5ng s\u1ea3n ph\u1ea9m theo l\u01b0\u1ee3ng d\u00f9ng \u0111\u01b0\u1ee3c khuy\u1ebfn kh\u00edch, n\u1ebfu c\u01a1 th\u1ec3 c\u1ea3m th\u1ea5y kh\u00f4ng kh\u1ecfe sau khi u\u1ed1ng, xin vui l\u00f2ng ng\u1eebng s\u1eed d\u1ee5ng v\u00e0 g\u1eb7p b\u00e1c s\u0129 \u0111\u1ec3 \u0111\u01b0\u1ee3c ch\u1ea9n \u0111o\u00e1n.<br \/>\n\u25ce Tr\u00e1nh xa t\u1ea7m tay tr\u1ebb em.<br \/>\nC\u00e1ch b\u1ea3o qu\u1ea3n: Tr\u00e1nh \u0111\u1eb7t t\u1ea1i n\u01a1i c\u00f3 nhi\u1ec7t \u0111\u1ed9 cao ho\u1eb7c \u00e1nh s\u00e1ng m\u1eb7t tr\u1eddi chi\u1ebfu tr\u1ef1c ti\u1ebfp, xin vui l\u00f2ng s\u1eed d\u1ee5ng nhanh sau khi m\u1edf.<br \/>\nGhi ch\u00fa: Kh\u00f4ng cung c\u1ea5p d\u00f9ng th\u1eed.<br \/>\n\u0110\u1ed1i t\u01b0\u1ee3ng s\u1eed d\u1ee5ng: h\u1ecdc sinh, ng\u01b0\u1eddi cao tu\u1ed5i, ng\u01b0\u1eddi s\u1eed d\u1ee5ng \u0111i\u1ec7n tho\u1ea1i v\u1edbi t\u1ea7n su\u1ea5t cao, ng\u01b0\u1eddi l\u00e1i xe, ng\u01b0\u1eddi th\u01b0\u1eddng xuy\u00ean ph\u1ea3i s\u1eed d\u1ee5ng m\u00e1y t\u00ednh.<\/p>\n<!-- AddThis Advanced Settings generic via filter on the_content --><!-- AddThis Share Buttons generic via filter on the_content -->","protected":false},"excerpt":{"rendered":"<p>\u2605 Anthocyanin l\u00e0 s\u1ef1 l\u1ef1a ch\u1ecdn tuy\u1ec7t v\u1eddi gi\u00fap b\u1ea1n c\u00f3 \u0111\u01b0\u1ee3c \u201ct\u1ea7m nh\u00ecn\u201d m\u1edbi t\u01b0\u01a1i \u0111\u1eb9p.<br \/>\n\u2605M\u1edf ra \u201ct\u1ea7m nh\u00ecn\u201d m\u1edbi<br \/>\n\u2605B\u1ed5 sung dinh d\u01b0\u1ee1ng 3 trong 1<br \/>\n\u2605Ch\u1ee9a lutein, qu\u1ea3 nham l\u00ea, anthocyanin<!-- AddThis Advanced Settings generic via filter on get_the_excerpt --><!-- AddThis Share Buttons generic via filter on get_the_excerpt --><\/p>\n","protected":false},"featured_media":495,"comment_status":"open","ping_status":"closed","template":"","meta":{"_exactmetrics_skip_tracking":false,"_exactmetrics_sitenote_active":false,"_exactmetrics_sitenote_note":"","_exactmetrics_sitenote_category":0,"_monsterinsights_skip_tracking":false,"_monsterinsights_sitenote_active":false,"_monsterinsights_sitenote_note":"","_monsterinsights_sitenote_category":0},"product_brand":[],"product_cat":[17],"product_tag":[],"class_list":{"0":"post-156","1":"product","2":"type-product","3":"status-publish","4":"has-post-thumbnail","6":"product_cat-ba","8":"first","9":"instock","10":"taxable","11":"shipping-taxable","12":"product-type-simple"},"_links":{"self":[{"href":"https:\/\/www.okura-health.com\/vi\/wp-json\/wp\/v2\/product\/156","targetHints":{"allow":["GET"]}}],"collection":[{"href":"https:\/\/www.okura-health.com\/vi\/wp-json\/wp\/v2\/product"}],"about":[{"href":"https:\/\/www.okura-health.com\/vi\/wp-json\/wp\/v2\/types\/product"}],"replies":[{"embeddable":true,"href":"https:\/\/www.okura-health.com\/vi\/wp-json\/wp\/v2\/comments?post=156"}],"wp:featuredmedia":[{"embeddable":true,"href":"https:\/\/www.okura-health.com\/vi\/wp-json\/wp\/v2\/media\/495"}],"wp:attachment":[{"href":"https:\/\/www.okura-health.com\/vi\/wp-json\/wp\/v2\/media?parent=156"}],"wp:term":[{"taxonomy":"product_brand","embeddable":true,"href":"https:\/\/www.okura-health.com\/vi\/wp-json\/wp\/v2\/product_brand?post=156"},{"taxonomy":"product_cat","embeddable":true,"href":"https:\/\/www.okura-health.com\/vi\/wp-json\/wp\/v2\/product_cat?post=156"},{"taxonomy":"product_tag","embeddable":true,"href":"https:\/\/www.okura-health.com\/vi\/wp-json\/wp\/v2\/product_tag?post=156"}],"curies":[{"name":"wp","href":"https:\/\/api.w.org\/{rel}","templated":true}]}}