{"id":171,"date":"2019-12-25T17:15:58","date_gmt":"2019-12-25T09:15:58","guid":{"rendered":"https:\/\/www.okura-health.com\/?post_type=product&#038;p=171"},"modified":"2026-01-23T13:41:22","modified_gmt":"2026-01-23T05:41:22","slug":"sl01","status":"publish","type":"product","link":"https:\/\/www.okura-health.com\/vi\/product\/sl01\/","title":{"rendered":"\u300eOKURA \u300f &#8211; Enzymes kh\u1ed5 qua + Chromium Yeast (Bao b\u00ec m\u1edbi)"},"content":{"rendered":"<p>T\u00ean s\u1ea3n ph\u1ea9m: <strong>OKURA Enzyme tr\u00e1i c\u00e2y \u0111\u01a1n v\u1ecb cao<\/strong><\/p>\n<p>Kh\u1ed1i l\u01b0\u1ee3ng t\u1ecbnh: 602mg * 40 vi\u00ean<\/p>\n<p>Th\u00e0nh ph\u1ea7n: magi\u00ea oxit, dicalcium phosphate, enzyme qu\u1ea3 kiwi, enzyme d\u1ee9a, enzyme \u0111u \u0111\u1ee7<\/p>\n<p>Th\u00e0nh ph\u1ea7n ph\u1ee5 (th\u00e0nh ph\u1ea7n v\u1ecf vi\u00ean nh\u1ed9ng): gelatin, n\u01b0\u1edbc tinh khi\u1ebft, m\u00e0u th\u1ef1c ph\u1ea9m (m\u00e0u v\u00e0ng s\u1ed1 4), titan dioxit<\/p>\n<p>H\u1ea1n s\u1eed d\u1ee5ng: 2 n\u0103m<\/p>\n<p>H\u1ee3p ch\u1ea5t \u0111\u01b0\u1ee3c th\u00eam v\u00e0o: ph\u1ee5 gia dinh d\u01b0\u1ee1ng (magi\u00ea oxit), dicalcium phosphate, enzyme d\u1ee9a, m\u00e0u th\u1ef1c ph\u1ea9m (m\u00e0u v\u00e0ng s\u1ed1 4), titan dioxit<\/p>\n<p>Nh\u00e0 s\u1ea3n xu\u1ea5t: C\u00f4ng ty TNHH Ho\u00e1 sinh Jetton<\/p>\n<p>\u0110i\u1ec7n tho\u1ea1i: 0800-779966<\/p>\n<p>\u0110\u1ecba ch\u1ec9:\u0110\u00e0i Loan<\/p>\n<p>N\u01a1i s\u1ea3n xu\u1ea5t: \u0110\u00e0i Loan<\/p>\n<!-- AddThis Advanced Settings generic via filter on the_content --><!-- AddThis Share Buttons generic via filter on the_content -->","protected":false},"excerpt":{"rendered":"<p>\u2605L\u00e0 s\u1ef1 l\u1ef1a ch\u1ecdn \u0111\u1ea7u ti\u00ean cho c\u1ea3m gi\u00e1c no<\/p>\n<p>\u2605Momordicin trong kh\u1ed5 qua gi\u00fap th\u00fac \u0111\u1ea9y s\u1ef1 trao \u0111\u1ed5i ch\u1ea5t<\/p>\n<p>\u2605Gi\u00fap ph\u00e2n gi\u1ea3i c\u1ea3m gi\u00e1c d\u1ea7u m\u1ee1 ng\u1ea5y ng\u00e1n c\u1ee7a th\u1ee9c \u0103n<\/p>\n<p>\u2605Lo\u1ea1i b\u1ecf g\u00e1nh n\u1eb7ng c\u01a1 th\u1ec3 b\u1ea1n<\/p>\n<p>\u2605Ph\u00f9 h\u1ee3p d\u00e0nh cho ng\u01b0\u1eddi theo \u0111u\u1ed5i \u0111\u01b0\u1eddng cong c\u01a1 th\u1ec3 s\u1eed d\u1ee5ng, ng\u01b0\u1eddi nghi\u1ec7n \u0103n \u0111\u1ed3 nhi\u1ec1u d\u1ea7u m\u1ee1, ho\u1eb7c th\u1ef1c ph\u1ea9m ch\u1ee9a l\u01b0\u1ee3ng \u0111\u01b0\u1eddng cao.<!-- AddThis Advanced Settings generic via filter on get_the_excerpt --><!-- AddThis Share Buttons generic via filter on get_the_excerpt --><\/p>\n","protected":false},"featured_media":509,"comment_status":"open","ping_status":"closed","template":"","meta":{"_exactmetrics_skip_tracking":false,"_exactmetrics_sitenote_active":false,"_exactmetrics_sitenote_note":"","_exactmetrics_sitenote_category":0,"_monsterinsights_skip_tracking":false,"_monsterinsights_sitenote_active":false,"_monsterinsights_sitenote_note":"","_monsterinsights_sitenote_category":0},"product_brand":[],"product_cat":[18],"product_tag":[],"class_list":{"0":"post-171","1":"product","2":"type-product","3":"status-publish","4":"has-post-thumbnail","6":"product_cat-sl","8":"first","9":"instock","10":"taxable","11":"shipping-taxable","12":"product-type-simple"},"_links":{"self":[{"href":"https:\/\/www.okura-health.com\/vi\/wp-json\/wp\/v2\/product\/171","targetHints":{"allow":["GET"]}}],"collection":[{"href":"https:\/\/www.okura-health.com\/vi\/wp-json\/wp\/v2\/product"}],"about":[{"href":"https:\/\/www.okura-health.com\/vi\/wp-json\/wp\/v2\/types\/product"}],"replies":[{"embeddable":true,"href":"https:\/\/www.okura-health.com\/vi\/wp-json\/wp\/v2\/comments?post=171"}],"wp:featuredmedia":[{"embeddable":true,"href":"https:\/\/www.okura-health.com\/vi\/wp-json\/wp\/v2\/media\/509"}],"wp:attachment":[{"href":"https:\/\/www.okura-health.com\/vi\/wp-json\/wp\/v2\/media?parent=171"}],"wp:term":[{"taxonomy":"product_brand","embeddable":true,"href":"https:\/\/www.okura-health.com\/vi\/wp-json\/wp\/v2\/product_brand?post=171"},{"taxonomy":"product_cat","embeddable":true,"href":"https:\/\/www.okura-health.com\/vi\/wp-json\/wp\/v2\/product_cat?post=171"},{"taxonomy":"product_tag","embeddable":true,"href":"https:\/\/www.okura-health.com\/vi\/wp-json\/wp\/v2\/product_tag?post=171"}],"curies":[{"name":"wp","href":"https:\/\/api.w.org\/{rel}","templated":true}]}}