{"id":187,"date":"2019-12-26T15:36:53","date_gmt":"2019-12-26T07:36:53","guid":{"rendered":"https:\/\/www.okura-health.com\/?post_type=product&#038;p=187"},"modified":"2026-01-23T13:40:04","modified_gmt":"2026-01-23T05:40:04","slug":"po01","status":"publish","type":"product","link":"https:\/\/www.okura-health.com\/vi\/product\/po01\/","title":{"rendered":"\u3010Okura\u3011Vitamin B2 (Bao b\u00ec m\u1edbi)"},"content":{"rendered":"<p>T\u00ean s\u1ea3n ph\u1ea9m: OKURA Nh\u00f3m vitamin B, t\u0103ng c\u01b0\u1eddng vitamin B2 ( 30+10 vi\u00ean\/h\u1ed9p)<br \/>\nQuy c\u00e1ch s\u1ea3n ph\u1ea9m\uff1a602mg X 40 vi\u00ean\/h\u1ed9p<br \/>\nTh\u00e0nh ph\u1ea7n:  Vitamin C, vitamin B2, vitamin B6, calcium pantothenate, vitamin B1, nicotinamide, vitamin B12, folate.<br \/>\nPh\u1ee5 gia th\u1ef1c ph\u1ea9m: Vitamin C, vitamin B2, vitamin B6, calcium pantothenate, vitamin B1, nicotinamide, vitamin B12, folate, titanium dioxide, m\u00e0u th\u1ef1c ph\u1ea9m (m\u00e0u v\u00e0ng s\u1ed1 5 v\u00e0 m\u00e0u \u0111\u1ecf s\u1ed1 6).<br \/>\nTh\u1eddi gian b\u1ea3o qu\u1ea3n: 2 n\u0103m<br \/>\nH\u1ea1n s\u1eed d\u1ee5ng: In tr\u00ean bao b\u00ec.<br \/>\nN\u01a1i s\u1ea3n xu\u1ea5t: \u0110\u00e0i Loan<br \/>\nNh\u00e0 s\u1ea3n xu\u1ea5t: Jetton Biochemistry Co., Ltd<br \/>\n\u0110i\u1ec7n tho\u1ea1i: 0800-779966<br \/>\n\u0110\u1ecba ch\u1ec9: No.17, Gongyequ 11th Rd., Xitun Dist., Taichung City 407, Taiwan (R.O.C.).<br \/>\nS\u1ed1 \u0111\u0103ng k\u00fd doanh nghi\u1ec7p s\u1ea3n xu\u1ea5t th\u1ef1c ph\u1ea9m\uff1aB-112698729-00003-6<br \/>\nS\u1ed1 b\u1ea3o hi\u1ec3m tr\u00e1ch nhi\u1ec7m s\u1ea3n ph\u1ea9m\uff1a1516-08PD03884<br \/>\nC\u00e1ch s\u1eed d\u1ee5ng: Khuy\u00ean d\u00f9ng sau b\u1eefa \u0103n, m\u1ed7i ng\u00e0y 1 vi\u00ean, u\u1ed1ng qu\u00e1 li\u1ec1u kh\u00f4ng c\u00f3 t\u00e1c d\u1ee5ng.<br \/>\nL\u01b0u \u00fd:<br \/>\n\u25ce Kh\u00f4ng u\u1ed1ng qu\u00e1 1 vi\u00ean m\u1ed7i ng\u00e0y, u\u1ed1ng qu\u00e1 li\u1ec1u kh\u00f4ng c\u00f3 t\u00e1c d\u1ee5ng.<br \/>\n\u25ce S\u1ea3n ph\u1ea9m kh\u00f4ng ph\u1ea3i l\u00e0 thu\u1ed1c, ch\u1ec9 c\u00f3 t\u00e1c d\u1ee5ng b\u1ed5 sung dinh d\u01b0\u1ee1ng b\u1ea3o v\u1ec7 s\u1ee9c kh\u1ecfe, ng\u01b0\u1eddi m\u1eafc b\u1ec7nh c\u1ea7n ph\u1ea3i kh\u00e1m b\u00e1c s\u0129 \u0111\u1ec3 ch\u1eefa tr\u1ecb.<br \/>\n\u25ce Xin vui l\u00f2ng s\u1eed d\u1ee5ng s\u1ea3n ph\u1ea9m theo li\u1ec1u l\u01b0\u1ee3ng \u0111\u01b0\u1ee3c khuy\u1ebfn kh\u00edch, n\u1ebfu c\u01a1 th\u1ec3 c\u1ea3m th\u1ea5y kh\u00f4ng kh\u1ecfe sau khi u\u1ed1ng, xin vui l\u00f2ng ng\u1eebng s\u1eed d\u1ee5ng v\u00e0 g\u1eb7p b\u00e1c s\u0129 \u0111\u1ec3 \u0111\u01b0\u1ee3c ch\u1ea9n \u0111o\u00e1n.<br \/>\n\u25ce Tr\u00e1nh xa t\u1ea7m tay tr\u1ebb em.<br \/>\n\u25ce S\u1ea3n ph\u1ea9m c\u00f3 ch\u1ee9a  vitamin B2, trong th\u1eddi gian s\u1eed d\u1ee5ng n\u01b0\u1edbc ti\u1ec3u c\u00f3 m\u00e0u v\u00e0ng l\u00e0 hi\u1ec7n t\u01b0\u1ee3ng b\u00ecnh th\u01b0\u1eddng.<br \/>\nC\u00e1ch b\u1ea3o qu\u1ea3n: Tr\u00e1nh \u0111\u1eb7t t\u1ea1i n\u01a1i c\u00f3 nhi\u1ec7t \u0111\u1ed9 cao ho\u1eb7c \u00e1nh s\u00e1ng m\u1eb7t tr\u1eddi chi\u1ebfu tr\u1ef1c ti\u1ebfp, vui l\u00f2ng s\u1eed d\u1ee5ng nhanh sau khi m\u1edf.<br \/>\nGhi ch\u00fa: Kh\u00f4ng cung c\u1ea5p d\u00f9ng th\u1eed.<br \/>\n\u0110\u1ed1i t\u01b0\u1ee3ng s\u1eed d\u1ee5ng: Ng\u01b0\u1eddi th\u1ee9c \u0111\u00eam, ng\u01b0\u1eddi hay c\u1ea3m th\u1ea5y m\u1ec7t m\u1ecfi, ng\u01b0\u1eddi c\u00f3 \u00e1p l\u1ef1c l\u1edbn trong c\u00f4ng vi\u1ec7c, kh\u1ed1i l\u01b0\u1ee3ng c\u00f4ng vi\u1ec7c l\u1edbn.<\/p>\n<!-- AddThis Advanced Settings generic via filter on the_content --><!-- AddThis Share Buttons generic via filter on the_content -->","protected":false},"excerpt":{"rendered":"<p data-syno-style=\"{&quot;lineHeight&quot;:&quot;1.5&quot;,&quot;paddingBottom&quot;:&quot;&quot;,&quot;paddingTop&quot;:&quot;&quot;,&quot;paddingLeft&quot;:&quot;&quot;,&quot;textAlign&quot;:&quot;left&quot;}\" data-syno-marks=\"[{&quot;_&quot;:&quot;font_size&quot;,&quot;value&quot;:&quot;12pt&quot;},{&quot;_&quot;:&quot;font_family&quot;,&quot;value&quot;:&quot;\u5fae\u8f6f\u96c5\u9ed1&quot;},{&quot;_&quot;:&quot;color&quot;,&quot;value&quot;:&quot;#365f91&quot;}]\"><span data-syno-text=\"true\">\u279a L\u00e0m vi\u1ec7c n\u0103ng su\u1ea5t, hi\u1ec7u qu\u1ea3<\/span><span data-syno-inline=\"true\"><br \/>\n<\/span><span data-syno-text=\"true\">\u279a Th\u00fac \u0111\u1ea9y trao \u0111\u1ed5i ch\u1ea5t<\/span><span data-syno-inline=\"true\"><br \/>\n<\/span><span data-syno-text=\"true\">\u279a N\u00e2ng cao t\u1ed1c \u0111\u1ed9 l\u00e0m vi\u1ec7c c\u1ee7a b\u1ea1n<\/span><span data-syno-inline=\"true\"><br \/>\n<\/span><span data-syno-text=\"true\">\u279a M\u1ed7i ng\u00e0y 1 vi\u00ean<\/span><\/p>\n<p><!-- AddThis Advanced Settings generic via filter on get_the_excerpt --><!-- AddThis Share Buttons generic via filter on get_the_excerpt --><\/p>\n","protected":false},"featured_media":477,"comment_status":"open","ping_status":"closed","template":"","meta":{"_exactmetrics_skip_tracking":false,"_exactmetrics_sitenote_active":false,"_exactmetrics_sitenote_note":"","_exactmetrics_sitenote_category":0,"_monsterinsights_skip_tracking":false,"_monsterinsights_sitenote_active":false,"_monsterinsights_sitenote_note":"","_monsterinsights_sitenote_category":0},"product_brand":[],"product_cat":[20],"product_tag":[],"class_list":{"0":"post-187","1":"product","2":"type-product","3":"status-publish","4":"has-post-thumbnail","6":"product_cat-po","8":"first","9":"instock","10":"taxable","11":"shipping-taxable","12":"product-type-simple"},"_links":{"self":[{"href":"https:\/\/www.okura-health.com\/vi\/wp-json\/wp\/v2\/product\/187","targetHints":{"allow":["GET"]}}],"collection":[{"href":"https:\/\/www.okura-health.com\/vi\/wp-json\/wp\/v2\/product"}],"about":[{"href":"https:\/\/www.okura-health.com\/vi\/wp-json\/wp\/v2\/types\/product"}],"replies":[{"embeddable":true,"href":"https:\/\/www.okura-health.com\/vi\/wp-json\/wp\/v2\/comments?post=187"}],"wp:featuredmedia":[{"embeddable":true,"href":"https:\/\/www.okura-health.com\/vi\/wp-json\/wp\/v2\/media\/477"}],"wp:attachment":[{"href":"https:\/\/www.okura-health.com\/vi\/wp-json\/wp\/v2\/media?parent=187"}],"wp:term":[{"taxonomy":"product_brand","embeddable":true,"href":"https:\/\/www.okura-health.com\/vi\/wp-json\/wp\/v2\/product_brand?post=187"},{"taxonomy":"product_cat","embeddable":true,"href":"https:\/\/www.okura-health.com\/vi\/wp-json\/wp\/v2\/product_cat?post=187"},{"taxonomy":"product_tag","embeddable":true,"href":"https:\/\/www.okura-health.com\/vi\/wp-json\/wp\/v2\/product_tag?post=187"}],"curies":[{"name":"wp","href":"https:\/\/api.w.org\/{rel}","templated":true}]}}